{"id":21248906,"date":"2024-12-05T19:43:58","date_gmt":"2024-12-05T18:43:58","guid":{"rendered":"https:\/\/www.idf-evenements.com\/seminaire-dentreprise\/"},"modified":"2024-12-05T19:48:43","modified_gmt":"2024-12-05T18:48:43","slug":"corporate-seminar","status":"publish","type":"page","link":"https:\/\/www.idf-evenements.com\/en\/corporate-seminar\/","title":{"rendered":"Company Seminar in Paris"},"content":{"rendered":"","protected":false},"excerpt":{"rendered":"","protected":false},"author":2,"featured_media":21247303,"parent":0,"menu_order":0,"comment_status":"closed","ping_status":"closed","template":"","meta":{"_acf_changed":false,"_et_pb_use_builder":"","_et_pb_old_content":"","_et_gb_content_width":"","footnotes":""},"categories":[],"tags":[55],"dipi_cpt_category":[89,88],"gabarit":[],"localisation":[],"class_list":["post-21248906","page","type-page","status-publish","has-post-thumbnail","hentry","tag-landing-en","dipi_cpt_category-headlines","dipi_cpt_category-service"],"acf":[],"yoast_head":"<!-- This site is optimized with the Yoast SEO plugin v27.3 - https:\/\/yoast.com\/product\/yoast-seo-wordpress\/ -->\n<title>Company Seminar in Paris - Get the Support of an Expert Company<\/title>\n<meta name=\"description\" content=\"IDF \u00e9v\u00e9nements, an events agency in Paris, can take care of hiring a seminar space in Paris for companies.\" \/>\n<meta name=\"robots\" content=\"index, follow, max-snippet:-1, max-image-preview:large, max-video-preview:-1\" \/>\n<link rel=\"canonical\" href=\"https:\/\/www.idf-evenements.com\/en\/corporate-seminar\/\" \/>\n<meta property=\"og:locale\" content=\"en_US\" \/>\n<meta property=\"og:type\" content=\"article\" \/>\n<meta property=\"og:title\" content=\"Company Seminar in Paris - Get the Support of an Expert Company\" \/>\n<meta property=\"og:description\" content=\"IDF \u00e9v\u00e9nements, an events agency in Paris, can take care of hiring a seminar space in Paris for companies.\" \/>\n<meta property=\"og:url\" content=\"https:\/\/www.idf-evenements.com\/en\/corporate-seminar\/\" \/>\n<meta property=\"og:site_name\" content=\"IDF \u00e9v\u00e9nements\" \/>\n<meta property=\"article:publisher\" content=\"https:\/\/www.facebook.com\/IDFevenements\/\" \/>\n<meta property=\"article:modified_time\" content=\"2024-12-05T18:48:43+00:00\" \/>\n<meta property=\"og:image\" content=\"https:\/\/www.idf-evenements.com\/wp-content\/uploads\/2024\/10\/idf_evenements-seminaire-entreprise-1920.jpg\" \/>\n\t<meta property=\"og:image:width\" content=\"1920\" \/>\n\t<meta property=\"og:image:height\" content=\"1280\" \/>\n\t<meta property=\"og:image:type\" content=\"image\/jpeg\" \/>\n<meta name=\"twitter:card\" content=\"summary_large_image\" \/>\n<meta name=\"twitter:label1\" content=\"Est. reading time\" \/>\n\t<meta name=\"twitter:data1\" content=\"13 minutes\" \/>\n<script type=\"application\/ld+json\" class=\"yoast-schema-graph\">{\"@context\":\"https:\\\/\\\/schema.org\",\"@graph\":[{\"@type\":\"WebPage\",\"@id\":\"https:\\\/\\\/www.idf-evenements.com\\\/en\\\/corporate-seminar\\\/\",\"url\":\"https:\\\/\\\/www.idf-evenements.com\\\/en\\\/corporate-seminar\\\/\",\"name\":\"Company Seminar in Paris - Get the Support of an Expert Company\",\"isPartOf\":{\"@id\":\"https:\\\/\\\/www.idf-evenements.com\\\/en\\\/#website\"},\"primaryImageOfPage\":{\"@id\":\"https:\\\/\\\/www.idf-evenements.com\\\/en\\\/corporate-seminar\\\/#primaryimage\"},\"image\":{\"@id\":\"https:\\\/\\\/www.idf-evenements.com\\\/en\\\/corporate-seminar\\\/#primaryimage\"},\"thumbnailUrl\":\"https:\\\/\\\/www.idf-evenements.com\\\/wp-content\\\/uploads\\\/2024\\\/10\\\/idf_evenements-seminaire-entreprise-1920.jpg\",\"datePublished\":\"2024-12-05T18:43:58+00:00\",\"dateModified\":\"2024-12-05T18:48:43+00:00\",\"description\":\"IDF \u00e9v\u00e9nements, an events agency in Paris, can take care of hiring a seminar space in Paris for companies.\",\"breadcrumb\":{\"@id\":\"https:\\\/\\\/www.idf-evenements.com\\\/en\\\/corporate-seminar\\\/#breadcrumb\"},\"inLanguage\":\"en-US\",\"potentialAction\":[{\"@type\":\"ReadAction\",\"target\":[\"https:\\\/\\\/www.idf-evenements.com\\\/en\\\/corporate-seminar\\\/\"]}]},{\"@type\":\"ImageObject\",\"inLanguage\":\"en-US\",\"@id\":\"https:\\\/\\\/www.idf-evenements.com\\\/en\\\/corporate-seminar\\\/#primaryimage\",\"url\":\"https:\\\/\\\/www.idf-evenements.com\\\/wp-content\\\/uploads\\\/2024\\\/10\\\/idf_evenements-seminaire-entreprise-1920.jpg\",\"contentUrl\":\"https:\\\/\\\/www.idf-evenements.com\\\/wp-content\\\/uploads\\\/2024\\\/10\\\/idf_evenements-seminaire-entreprise-1920.jpg\",\"width\":1920,\"height\":1280,\"caption\":\"S\u00e9minaire d\u2019entreprise\"},{\"@type\":\"BreadcrumbList\",\"@id\":\"https:\\\/\\\/www.idf-evenements.com\\\/en\\\/corporate-seminar\\\/#breadcrumb\",\"itemListElement\":[{\"@type\":\"ListItem\",\"position\":1,\"name\":\"Accueil\",\"item\":\"https:\\\/\\\/www.idf-evenements.com\\\/en\\\/\"},{\"@type\":\"ListItem\",\"position\":2,\"name\":\"Company Seminar in Paris\"}]},{\"@type\":\"WebSite\",\"@id\":\"https:\\\/\\\/www.idf-evenements.com\\\/en\\\/#website\",\"url\":\"https:\\\/\\\/www.idf-evenements.com\\\/en\\\/\",\"name\":\"IDF \u00e9v\u00e9nements\",\"description\":\"Agence \u00e9v\u00e9nementielle haut de gamme \u00e0 Paris\",\"publisher\":{\"@id\":\"https:\\\/\\\/www.idf-evenements.com\\\/en\\\/#organization\"},\"potentialAction\":[{\"@type\":\"SearchAction\",\"target\":{\"@type\":\"EntryPoint\",\"urlTemplate\":\"https:\\\/\\\/www.idf-evenements.com\\\/en\\\/?s={search_term_string}\"},\"query-input\":{\"@type\":\"PropertyValueSpecification\",\"valueRequired\":true,\"valueName\":\"search_term_string\"}}],\"inLanguage\":\"en-US\"},{\"@type\":\"Organization\",\"@id\":\"https:\\\/\\\/www.idf-evenements.com\\\/en\\\/#organization\",\"name\":\"IDF \u00e9v\u00e9nements\",\"url\":\"https:\\\/\\\/www.idf-evenements.com\\\/en\\\/\",\"logo\":{\"@type\":\"ImageObject\",\"inLanguage\":\"en-US\",\"@id\":\"https:\\\/\\\/www.idf-evenements.com\\\/en\\\/#\\\/schema\\\/logo\\\/image\\\/\",\"url\":\"https:\\\/\\\/www.idf-evenements.com\\\/wp-content\\\/uploads\\\/2022\\\/12\\\/idf_evenements-logo-240.png\",\"contentUrl\":\"https:\\\/\\\/www.idf-evenements.com\\\/wp-content\\\/uploads\\\/2022\\\/12\\\/idf_evenements-logo-240.png\",\"width\":240,\"height\":148,\"caption\":\"IDF \u00e9v\u00e9nements\"},\"image\":{\"@id\":\"https:\\\/\\\/www.idf-evenements.com\\\/en\\\/#\\\/schema\\\/logo\\\/image\\\/\"},\"sameAs\":[\"https:\\\/\\\/www.facebook.com\\\/IDFevenements\\\/\",\"https:\\\/\\\/fr.linkedin.com\\\/company\\\/idf-evenements\",\"https:\\\/\\\/www.instagram.com\\\/agenceidfevenements\\\/\"]}]}<\/script>\n<!-- \/ Yoast SEO plugin. -->","yoast_head_json":{"title":"Company Seminar in Paris - Get the Support of an Expert Company","description":"IDF \u00e9v\u00e9nements, an events agency in Paris, can take care of hiring a seminar space in Paris for companies.","robots":{"index":"index","follow":"follow","max-snippet":"max-snippet:-1","max-image-preview":"max-image-preview:large","max-video-preview":"max-video-preview:-1"},"canonical":"https:\/\/www.idf-evenements.com\/en\/corporate-seminar\/","og_locale":"en_US","og_type":"article","og_title":"Company Seminar in Paris - Get the Support of an Expert Company","og_description":"IDF \u00e9v\u00e9nements, an events agency in Paris, can take care of hiring a seminar space in Paris for companies.","og_url":"https:\/\/www.idf-evenements.com\/en\/corporate-seminar\/","og_site_name":"IDF \u00e9v\u00e9nements","article_publisher":"https:\/\/www.facebook.com\/IDFevenements\/","article_modified_time":"2024-12-05T18:48:43+00:00","og_image":[{"width":1920,"height":1280,"url":"https:\/\/www.idf-evenements.com\/wp-content\/uploads\/2024\/10\/idf_evenements-seminaire-entreprise-1920.jpg","type":"image\/jpeg"}],"twitter_card":"summary_large_image","twitter_misc":{"Est. reading time":"13 minutes"},"schema":{"@context":"https:\/\/schema.org","@graph":[{"@type":"WebPage","@id":"https:\/\/www.idf-evenements.com\/en\/corporate-seminar\/","url":"https:\/\/www.idf-evenements.com\/en\/corporate-seminar\/","name":"Company Seminar in Paris - Get the Support of an Expert Company","isPartOf":{"@id":"https:\/\/www.idf-evenements.com\/en\/#website"},"primaryImageOfPage":{"@id":"https:\/\/www.idf-evenements.com\/en\/corporate-seminar\/#primaryimage"},"image":{"@id":"https:\/\/www.idf-evenements.com\/en\/corporate-seminar\/#primaryimage"},"thumbnailUrl":"https:\/\/www.idf-evenements.com\/wp-content\/uploads\/2024\/10\/idf_evenements-seminaire-entreprise-1920.jpg","datePublished":"2024-12-05T18:43:58+00:00","dateModified":"2024-12-05T18:48:43+00:00","description":"IDF \u00e9v\u00e9nements, an events agency in Paris, can take care of hiring a seminar space in Paris for companies.","breadcrumb":{"@id":"https:\/\/www.idf-evenements.com\/en\/corporate-seminar\/#breadcrumb"},"inLanguage":"en-US","potentialAction":[{"@type":"ReadAction","target":["https:\/\/www.idf-evenements.com\/en\/corporate-seminar\/"]}]},{"@type":"ImageObject","inLanguage":"en-US","@id":"https:\/\/www.idf-evenements.com\/en\/corporate-seminar\/#primaryimage","url":"https:\/\/www.idf-evenements.com\/wp-content\/uploads\/2024\/10\/idf_evenements-seminaire-entreprise-1920.jpg","contentUrl":"https:\/\/www.idf-evenements.com\/wp-content\/uploads\/2024\/10\/idf_evenements-seminaire-entreprise-1920.jpg","width":1920,"height":1280,"caption":"S\u00e9minaire d\u2019entreprise"},{"@type":"BreadcrumbList","@id":"https:\/\/www.idf-evenements.com\/en\/corporate-seminar\/#breadcrumb","itemListElement":[{"@type":"ListItem","position":1,"name":"Accueil","item":"https:\/\/www.idf-evenements.com\/en\/"},{"@type":"ListItem","position":2,"name":"Company Seminar in Paris"}]},{"@type":"WebSite","@id":"https:\/\/www.idf-evenements.com\/en\/#website","url":"https:\/\/www.idf-evenements.com\/en\/","name":"IDF \u00e9v\u00e9nements","description":"Agence \u00e9v\u00e9nementielle haut de gamme \u00e0 Paris","publisher":{"@id":"https:\/\/www.idf-evenements.com\/en\/#organization"},"potentialAction":[{"@type":"SearchAction","target":{"@type":"EntryPoint","urlTemplate":"https:\/\/www.idf-evenements.com\/en\/?s={search_term_string}"},"query-input":{"@type":"PropertyValueSpecification","valueRequired":true,"valueName":"search_term_string"}}],"inLanguage":"en-US"},{"@type":"Organization","@id":"https:\/\/www.idf-evenements.com\/en\/#organization","name":"IDF \u00e9v\u00e9nements","url":"https:\/\/www.idf-evenements.com\/en\/","logo":{"@type":"ImageObject","inLanguage":"en-US","@id":"https:\/\/www.idf-evenements.com\/en\/#\/schema\/logo\/image\/","url":"https:\/\/www.idf-evenements.com\/wp-content\/uploads\/2022\/12\/idf_evenements-logo-240.png","contentUrl":"https:\/\/www.idf-evenements.com\/wp-content\/uploads\/2022\/12\/idf_evenements-logo-240.png","width":240,"height":148,"caption":"IDF \u00e9v\u00e9nements"},"image":{"@id":"https:\/\/www.idf-evenements.com\/en\/#\/schema\/logo\/image\/"},"sameAs":["https:\/\/www.facebook.com\/IDFevenements\/","https:\/\/fr.linkedin.com\/company\/idf-evenements","https:\/\/www.instagram.com\/agenceidfevenements\/"]}]}},"_links":{"self":[{"href":"https:\/\/www.idf-evenements.com\/en\/wp-json\/wp\/v2\/pages\/21248906","targetHints":{"allow":["GET"]}}],"collection":[{"href":"https:\/\/www.idf-evenements.com\/en\/wp-json\/wp\/v2\/pages"}],"about":[{"href":"https:\/\/www.idf-evenements.com\/en\/wp-json\/wp\/v2\/types\/page"}],"author":[{"embeddable":true,"href":"https:\/\/www.idf-evenements.com\/en\/wp-json\/wp\/v2\/users\/2"}],"replies":[{"embeddable":true,"href":"https:\/\/www.idf-evenements.com\/en\/wp-json\/wp\/v2\/comments?post=21248906"}],"version-history":[{"count":0,"href":"https:\/\/www.idf-evenements.com\/en\/wp-json\/wp\/v2\/pages\/21248906\/revisions"}],"wp:featuredmedia":[{"embeddable":true,"href":"https:\/\/www.idf-evenements.com\/en\/wp-json\/wp\/v2\/media\/21247303"}],"wp:attachment":[{"href":"https:\/\/www.idf-evenements.com\/en\/wp-json\/wp\/v2\/media?parent=21248906"}],"wp:term":[{"taxonomy":"category","embeddable":true,"href":"https:\/\/www.idf-evenements.com\/en\/wp-json\/wp\/v2\/categories?post=21248906"},{"taxonomy":"post_tag","embeddable":true,"href":"https:\/\/www.idf-evenements.com\/en\/wp-json\/wp\/v2\/tags?post=21248906"},{"taxonomy":"dipi_cpt_category","embeddable":true,"href":"https:\/\/www.idf-evenements.com\/en\/wp-json\/wp\/v2\/dipi_cpt_category?post=21248906"},{"taxonomy":"gabarit","embeddable":true,"href":"https:\/\/www.idf-evenements.com\/en\/wp-json\/wp\/v2\/gabarit?post=21248906"},{"taxonomy":"localisation","embeddable":true,"href":"https:\/\/www.idf-evenements.com\/en\/wp-json\/wp\/v2\/localisation?post=21248906"}],"curies":[{"name":"wp","href":"https:\/\/api.w.org\/{rel}","templated":true}]}}