{"id":21250379,"date":"2023-01-03T13:58:35","date_gmt":"2023-01-03T12:58:35","guid":{"rendered":"https:\/\/www.idf-evenements.com\/sitemap\/"},"modified":"2025-12-03T15:24:42","modified_gmt":"2025-12-03T14:24:42","slug":"sitemap","status":"publish","type":"page","link":"https:\/\/www.idf-evenements.com\/en\/sitemap\/","title":{"rendered":"Sitemap"},"content":{"rendered":"<h2>Our Business<\/h2><ul><li><a href=\"https:\/\/www.idf-evenements.com\/en\/brand-product-launch-party\/\">Brand or Product Launch Party in Paris<\/a><\/li><li><a href=\"https:\/\/www.idf-evenements.com\/en\/company-dinner\/\">Company dinner in Paris<\/a><\/li><li><a href=\"https:\/\/www.idf-evenements.com\/en\/company-end-of-year-party\/\">Company end-of-year party<\/a><\/li><li><a href=\"https:\/\/www.idf-evenements.com\/en\/corporate-seminar\/\">Company Seminar in Paris<\/a><\/li><li><a href=\"https:\/\/www.idf-evenements.com\/en\/conference-congress\/\">Conferences and Congresses in Paris<\/a><\/li><li><a href=\"https:\/\/www.idf-evenements.com\/en\/company-cocktail\/\">Corporate Cocktail in Paris<\/a><\/li><li><a href=\"https:\/\/www.idf-evenements.com\/en\/corporate-gala-dinner\/\">Corporate Gala Dinner in Paris<\/a><\/li><li><a href=\"https:\/\/www.idf-evenements.com\/en\/executive-seminar\/\">Executive Seminar in Paris<\/a><\/li><li><a href=\"https:\/\/www.idf-evenements.com\/en\/gatsby-themed-evening\/\">Gatsby-themed Evening: Immerse Yourself in the Extravagance of the Roaring Twenties<\/a><\/li><li><a href=\"https:\/\/www.idf-evenements.com\/en\/roadshow-paris\/\">Organising a roadshow in Paris<\/a><\/li><li><a href=\"https:\/\/www.idf-evenements.com\/en\/press-conference\/\">Press Conference Organisation in Paris<\/a><\/li><\/ul><h2>More Services<\/h2><ul><li><a href=\"https:\/\/www.idf-evenements.com\/en\/b2b-brand-activation\/\">B2B Brand Activation Event in Paris<\/a><\/li><li><a href=\"https:\/\/www.idf-evenements.com\/en\/brand-product-launch-party\/\">Brand or Product Launch Party in Paris<\/a><\/li><li><a href=\"https:\/\/www.idf-evenements.com\/en\/company-award-ceremony\/\">Company Award Ceremony in Paris<\/a><\/li><li><a href=\"https:\/\/www.idf-evenements.com\/en\/company-dinner\/\">Company dinner in Paris<\/a><\/li><li><a href=\"https:\/\/www.idf-evenements.com\/en\/company-end-of-year-party\/\">Company end-of-year party<\/a><\/li><li><a href=\"https:\/\/www.idf-evenements.com\/en\/corporate-seminar\/\">Company Seminar in Paris<\/a><\/li><li><a href=\"https:\/\/www.idf-evenements.com\/en\/conference-congress\/\">Conferences and Congresses in Paris<\/a><\/li><li><a href=\"https:\/\/www.idf-evenements.com\/en\/corporate-celebration-venue\/\">Corporate Celebration Venue in Paris<\/a><\/li><li><a href=\"https:\/\/www.idf-evenements.com\/en\/cocktail-cruise-seine\/\">Corporate Cocktail Cruise on the Seine<\/a><\/li><li><a href=\"https:\/\/www.idf-evenements.com\/en\/company-cocktail\/\">Corporate Cocktail in Paris<\/a><\/li><li><a href=\"https:\/\/www.idf-evenements.com\/en\/corporate-event-agency\/\">Corporate Event Agency<\/a><\/li><li><a href=\"https:\/\/www.idf-evenements.com\/en\/event-agency-paris\/\">Corporate Event Agency in Paris<\/a><\/li><li><a href=\"https:\/\/www.idf-evenements.com\/en\/corporate-event-planner-asian-companies\/\">Corporate Event Planner in Paris for Asian Companies<\/a><\/li><li><a href=\"https:\/\/www.idf-evenements.com\/en\/corporate-event-planner-european-companies\/\">Corporate Event Planner in Paris for European Companies<\/a><\/li><li><a href=\"https:\/\/www.idf-evenements.com\/en\/corporate-event-planner-uk-companies\/\">Corporate Event Planner in Paris for UK Companies<\/a><\/li><li><a href=\"https:\/\/www.idf-evenements.com\/en\/corporate-event-planner-us-companies\/\">Corporate Event Planner in Paris for US Companies<\/a><\/li><li><a href=\"https:\/\/www.idf-evenements.com\/en\/corporate-events-middle-east-companies\/\">Corporate events in Paris for Middle East companies<\/a><\/li><li><a href=\"https:\/\/www.idf-evenements.com\/en\/corporate-gala-dinner\/\">Corporate Gala Dinner in Paris<\/a><\/li><li><a href=\"https:\/\/www.idf-evenements.com\/en\/corporate-incentive\/\">Corporate Incentive Event in Paris<\/a><\/li><li><a href=\"https:\/\/www.idf-evenements.com\/en\/economic-forum\/\">Economic Forum Organisation in Paris<\/a><\/li><li><a href=\"https:\/\/www.idf-evenements.com\/en\/english-speaking-event-planner\/\">English-speaking Event Planner in Paris<\/a><\/li><li><a href=\"https:\/\/www.idf-evenements.com\/en\/event-venue-eiffel-tower\/\">Event Venue With Eiffel Tower View<\/a><\/li><li><a href=\"https:\/\/www.idf-evenements.com\/en\/exclusive-b2b-event\/\">Exclusive B2B Event in Paris<\/a><\/li><li><a href=\"https:\/\/www.idf-evenements.com\/en\/exclusive-dinner-ceo\/\">Exclusive Dinner With CEOs<\/a><\/li><li><a href=\"https:\/\/www.idf-evenements.com\/en\/exclusive-venue-rental\/\">Exclusive Venue Rental in Paris<\/a><\/li><li><a href=\"https:\/\/www.idf-evenements.com\/en\/executive-seminar\/\">Executive Seminar in Paris<\/a><\/li><li><a href=\"https:\/\/www.idf-evenements.com\/en\/gatsby-themed-evening\/\">Gatsby-themed Evening: Immerse Yourself in the Extravagance of the Roaring Twenties<\/a><\/li><li><a href=\"https:\/\/www.idf-evenements.com\/en\/1000-people-hall-paris\/\">Hall hire for 1,000 guests in Paris<\/a><\/li><li><a href=\"https:\/\/www.idf-evenements.com\/en\/high-end-corporate-conference\/\">High-end Corporate Conference in Paris<\/a><\/li><li><a href=\"https:\/\/www.idf-evenements.com\/en\/roadshow-paris\/\">Organising a roadshow in Paris<\/a><\/li><li><a href=\"https:\/\/www.idf-evenements.com\/en\/corporate-event-planner\/\">Paris Corporate Event Planner<\/a><\/li><li><a href=\"https:\/\/www.idf-evenements.com\/en\/press-conference\/\">Press Conference Organisation in Paris<\/a><\/li><li><a href=\"https:\/\/www.idf-evenements.com\/en\/prestigious-venue-hire-paris\/\">Prestigious Venue Hire in Paris<\/a><\/li><li><a href=\"https:\/\/www.idf-evenements.com\/en\/top-range-event-agency-paris\/\">Top-of-the-range events agency in Paris<\/a><\/li><li><a href=\"https:\/\/www.idf-evenements.com\/en\/unusual-venue-paris\/\">Unusual venue in Paris for corporate evening events<\/a><\/li><li><a href=\"https:\/\/www.idf-evenements.com\/en\/150-guests-hall\/\">Venue hire for 150 guests in Paris<\/a><\/li><li><a href=\"https:\/\/www.idf-evenements.com\/en\/300-guests-hall\/\">Venue hire for 300 guests in Paris<\/a><\/li><li><a href=\"https:\/\/www.idf-evenements.com\/en\/400-guests-hall\/\">Venue hire for 400 guests in Paris<\/a><\/li><li><a href=\"https:\/\/www.idf-evenements.com\/en\/500-guests-hall\/\">Venue hire for 500 guests in Paris<\/a><\/li><li><a href=\"https:\/\/www.idf-evenements.com\/en\/vip-corporate-party\/\">VIP Corporate Party in Paris<\/a><\/li><\/ul><h2>Our Venues<\/h2><ul><li><a href=\"https:\/\/www.idf-evenements.com\/en\/portfolio\/hotel-franklin\/\">H\u00f4tel Franklin<\/a><\/li><li><a href=\"https:\/\/www.idf-evenements.com\/en\/portfolio\/laquarium\/\">L&#8217;Aquarium<\/a><\/li><li><a href=\"https:\/\/www.idf-evenements.com\/en\/portfolio\/latelier\/\">L&#8217;Atelier<\/a><\/li><li><a href=\"https:\/\/www.idf-evenements.com\/en\/portfolio\/lusine\/\">L&#8217;Usine<\/a><\/li><li><a href=\"https:\/\/www.idf-evenements.com\/en\/portfolio\/la-bibliotheque\/\">La Biblioth\u00e8que<\/a><\/li><li><a href=\"https:\/\/www.idf-evenements.com\/en\/portfolio\/la-distillerie\/\">La Distillerie<\/a><\/li><li><a href=\"https:\/\/www.idf-evenements.com\/en\/portfolio\/la-menuiserie\/\">La Menuiserie<\/a><\/li><li><a href=\"https:\/\/www.idf-evenements.com\/en\/portfolio\/la-nacelle\/\">La Nacelle<\/a><\/li><li><a href=\"https:\/\/www.idf-evenements.com\/en\/portfolio\/la-salle-wagram\/\">La Salle Wagram<\/a><\/li><li><a href=\"https:\/\/www.idf-evenements.com\/en\/portfolio\/la-terrasse-50\/\">La Terrasse 50<\/a><\/li><li><a href=\"https:\/\/www.idf-evenements.com\/en\/portfolio\/le-dome\/\">Le D\u00f4me<\/a><\/li><li><a href=\"https:\/\/www.idf-evenements.com\/en\/portfolio\/le-loft-beaugrenelle\/\">Le Loft Beaugrenelle<\/a><\/li><li><a href=\"https:\/\/www.idf-evenements.com\/en\/portfolio\/le-pavillon-cambon\/\">Le Pavillon Cambon<\/a><\/li><li><a href=\"https:\/\/www.idf-evenements.com\/en\/portfolio\/le-rooftop-des-champs-elysees\/\">Le Rooftop des Champs-Elys\u00e9es<\/a><\/li><li><a href=\"https:\/\/www.idf-evenements.com\/en\/portfolio\/le-rooftop-kardinal\/\">Le Rooftop Kardinal<\/a><\/li><li><a href=\"https:\/\/www.idf-evenements.com\/en\/portfolio\/observatoire\/\">Observatoire<\/a><\/li><li><a href=\"https:\/\/www.idf-evenements.com\/en\/portfolio\/rooftop-du-palais\/\">Rooftop du Palais<\/a><\/li><li><a href=\"https:\/\/www.idf-evenements.com\/en\/portfolio\/rooftop-horizon\/\">Rooftop Horizon<\/a><\/li><li><a href=\"https:\/\/www.idf-evenements.com\/en\/portfolio\/train-de-legende\/\">Train de l\u00e9gende<\/a><\/li><\/ul>\n","protected":false},"excerpt":{"rendered":"","protected":false},"author":2,"featured_media":21245926,"parent":0,"menu_order":0,"comment_status":"closed","ping_status":"closed","template":"","meta":{"_acf_changed":false,"_et_pb_use_builder":"","_et_pb_old_content":"","_et_gb_content_width":"","footnotes":""},"categories":[],"tags":[56],"dipi_cpt_category":[],"gabarit":[],"localisation":[],"class_list":["post-21250379","page","type-page","status-publish","has-post-thumbnail","hentry","tag-standard-en"],"acf":[],"yoast_head":"<!-- This site is optimized with the Yoast SEO plugin v27.4 - https:\/\/yoast.com\/product\/yoast-seo-wordpress\/ -->\n<title>Sitemap and Services | IDF \u00e9v\u00e9nements<\/title>\n<meta name=\"description\" content=\"Find out about the activities and event venues available for hire from our IDF \u00e9v\u00e9nements agency in Paris.\" \/>\n<meta name=\"robots\" content=\"index, follow, max-snippet:-1, max-image-preview:large, max-video-preview:-1\" \/>\n<link rel=\"canonical\" href=\"https:\/\/www.idf-evenements.com\/en\/sitemap\/\" \/>\n<meta property=\"og:locale\" content=\"en_US\" \/>\n<meta property=\"og:type\" content=\"article\" \/>\n<meta property=\"og:title\" content=\"Sitemap and Services | IDF \u00e9v\u00e9nements\" \/>\n<meta property=\"og:description\" content=\"Find out about the activities and event venues available for hire from our IDF \u00e9v\u00e9nements agency in Paris.\" \/>\n<meta property=\"og:url\" content=\"https:\/\/www.idf-evenements.com\/en\/sitemap\/\" \/>\n<meta property=\"og:site_name\" content=\"IDF \u00e9v\u00e9nements\" \/>\n<meta property=\"article:publisher\" content=\"https:\/\/www.facebook.com\/IDFevenements\/\" \/>\n<meta property=\"article:modified_time\" content=\"2025-12-03T14:24:42+00:00\" \/>\n<meta property=\"og:image\" content=\"https:\/\/www.idf-evenements.com\/wp-content\/uploads\/2023\/01\/idf_evenements-pavillon_cambon_capucines-1920.jpg\" \/>\n\t<meta property=\"og:image:width\" content=\"1920\" \/>\n\t<meta property=\"og:image:height\" content=\"1280\" \/>\n\t<meta property=\"og:image:type\" content=\"image\/jpeg\" \/>\n<meta name=\"twitter:card\" content=\"summary_large_image\" \/>\n<script type=\"application\/ld+json\" class=\"yoast-schema-graph\">{\"@context\":\"https:\\\/\\\/schema.org\",\"@graph\":[{\"@type\":\"WebPage\",\"@id\":\"https:\\\/\\\/www.idf-evenements.com\\\/en\\\/sitemap\\\/\",\"url\":\"https:\\\/\\\/www.idf-evenements.com\\\/en\\\/sitemap\\\/\",\"name\":\"Sitemap and Services | IDF \u00e9v\u00e9nements\",\"isPartOf\":{\"@id\":\"https:\\\/\\\/www.idf-evenements.com\\\/en\\\/#website\"},\"primaryImageOfPage\":{\"@id\":\"https:\\\/\\\/www.idf-evenements.com\\\/en\\\/sitemap\\\/#primaryimage\"},\"image\":{\"@id\":\"https:\\\/\\\/www.idf-evenements.com\\\/en\\\/sitemap\\\/#primaryimage\"},\"thumbnailUrl\":\"https:\\\/\\\/www.idf-evenements.com\\\/wp-content\\\/uploads\\\/2023\\\/01\\\/idf_evenements-pavillon_cambon_capucines-1920.jpg\",\"datePublished\":\"2023-01-03T12:58:35+00:00\",\"dateModified\":\"2025-12-03T14:24:42+00:00\",\"description\":\"Find out about the activities and event venues available for hire from our IDF \u00e9v\u00e9nements agency in Paris.\",\"breadcrumb\":{\"@id\":\"https:\\\/\\\/www.idf-evenements.com\\\/en\\\/sitemap\\\/#breadcrumb\"},\"inLanguage\":\"en-US\",\"potentialAction\":[{\"@type\":\"ReadAction\",\"target\":[\"https:\\\/\\\/www.idf-evenements.com\\\/en\\\/sitemap\\\/\"]}]},{\"@type\":\"ImageObject\",\"inLanguage\":\"en-US\",\"@id\":\"https:\\\/\\\/www.idf-evenements.com\\\/en\\\/sitemap\\\/#primaryimage\",\"url\":\"https:\\\/\\\/www.idf-evenements.com\\\/wp-content\\\/uploads\\\/2023\\\/01\\\/idf_evenements-pavillon_cambon_capucines-1920.jpg\",\"contentUrl\":\"https:\\\/\\\/www.idf-evenements.com\\\/wp-content\\\/uploads\\\/2023\\\/01\\\/idf_evenements-pavillon_cambon_capucines-1920.jpg\",\"width\":1920,\"height\":1280},{\"@type\":\"BreadcrumbList\",\"@id\":\"https:\\\/\\\/www.idf-evenements.com\\\/en\\\/sitemap\\\/#breadcrumb\",\"itemListElement\":[{\"@type\":\"ListItem\",\"position\":1,\"name\":\"Accueil\",\"item\":\"https:\\\/\\\/www.idf-evenements.com\\\/en\\\/\"},{\"@type\":\"ListItem\",\"position\":2,\"name\":\"Sitemap\"}]},{\"@type\":\"WebSite\",\"@id\":\"https:\\\/\\\/www.idf-evenements.com\\\/en\\\/#website\",\"url\":\"https:\\\/\\\/www.idf-evenements.com\\\/en\\\/\",\"name\":\"IDF \u00e9v\u00e9nements\",\"description\":\"Agence \u00e9v\u00e9nementielle haut de gamme \u00e0 Paris\",\"publisher\":{\"@id\":\"https:\\\/\\\/www.idf-evenements.com\\\/en\\\/#organization\"},\"potentialAction\":[{\"@type\":\"SearchAction\",\"target\":{\"@type\":\"EntryPoint\",\"urlTemplate\":\"https:\\\/\\\/www.idf-evenements.com\\\/en\\\/?s={search_term_string}\"},\"query-input\":{\"@type\":\"PropertyValueSpecification\",\"valueRequired\":true,\"valueName\":\"search_term_string\"}}],\"inLanguage\":\"en-US\"},{\"@type\":\"Organization\",\"@id\":\"https:\\\/\\\/www.idf-evenements.com\\\/en\\\/#organization\",\"name\":\"IDF \u00e9v\u00e9nements\",\"url\":\"https:\\\/\\\/www.idf-evenements.com\\\/en\\\/\",\"logo\":{\"@type\":\"ImageObject\",\"inLanguage\":\"en-US\",\"@id\":\"https:\\\/\\\/www.idf-evenements.com\\\/en\\\/#\\\/schema\\\/logo\\\/image\\\/\",\"url\":\"https:\\\/\\\/www.idf-evenements.com\\\/wp-content\\\/uploads\\\/2022\\\/12\\\/idf_evenements-logo-240.png\",\"contentUrl\":\"https:\\\/\\\/www.idf-evenements.com\\\/wp-content\\\/uploads\\\/2022\\\/12\\\/idf_evenements-logo-240.png\",\"width\":240,\"height\":148,\"caption\":\"IDF \u00e9v\u00e9nements\"},\"image\":{\"@id\":\"https:\\\/\\\/www.idf-evenements.com\\\/en\\\/#\\\/schema\\\/logo\\\/image\\\/\"},\"sameAs\":[\"https:\\\/\\\/www.facebook.com\\\/IDFevenements\\\/\",\"https:\\\/\\\/fr.linkedin.com\\\/company\\\/idf-evenements\",\"https:\\\/\\\/www.instagram.com\\\/agenceidfevenements\\\/\"]}]}<\/script>\n<!-- \/ Yoast SEO plugin. -->","yoast_head_json":{"title":"Sitemap and Services | IDF \u00e9v\u00e9nements","description":"Find out about the activities and event venues available for hire from our IDF \u00e9v\u00e9nements agency in Paris.","robots":{"index":"index","follow":"follow","max-snippet":"max-snippet:-1","max-image-preview":"max-image-preview:large","max-video-preview":"max-video-preview:-1"},"canonical":"https:\/\/www.idf-evenements.com\/en\/sitemap\/","og_locale":"en_US","og_type":"article","og_title":"Sitemap and Services | IDF \u00e9v\u00e9nements","og_description":"Find out about the activities and event venues available for hire from our IDF \u00e9v\u00e9nements agency in Paris.","og_url":"https:\/\/www.idf-evenements.com\/en\/sitemap\/","og_site_name":"IDF \u00e9v\u00e9nements","article_publisher":"https:\/\/www.facebook.com\/IDFevenements\/","article_modified_time":"2025-12-03T14:24:42+00:00","og_image":[{"width":1920,"height":1280,"url":"https:\/\/www.idf-evenements.com\/wp-content\/uploads\/2023\/01\/idf_evenements-pavillon_cambon_capucines-1920.jpg","type":"image\/jpeg"}],"twitter_card":"summary_large_image","schema":{"@context":"https:\/\/schema.org","@graph":[{"@type":"WebPage","@id":"https:\/\/www.idf-evenements.com\/en\/sitemap\/","url":"https:\/\/www.idf-evenements.com\/en\/sitemap\/","name":"Sitemap and Services | IDF \u00e9v\u00e9nements","isPartOf":{"@id":"https:\/\/www.idf-evenements.com\/en\/#website"},"primaryImageOfPage":{"@id":"https:\/\/www.idf-evenements.com\/en\/sitemap\/#primaryimage"},"image":{"@id":"https:\/\/www.idf-evenements.com\/en\/sitemap\/#primaryimage"},"thumbnailUrl":"https:\/\/www.idf-evenements.com\/wp-content\/uploads\/2023\/01\/idf_evenements-pavillon_cambon_capucines-1920.jpg","datePublished":"2023-01-03T12:58:35+00:00","dateModified":"2025-12-03T14:24:42+00:00","description":"Find out about the activities and event venues available for hire from our IDF \u00e9v\u00e9nements agency in Paris.","breadcrumb":{"@id":"https:\/\/www.idf-evenements.com\/en\/sitemap\/#breadcrumb"},"inLanguage":"en-US","potentialAction":[{"@type":"ReadAction","target":["https:\/\/www.idf-evenements.com\/en\/sitemap\/"]}]},{"@type":"ImageObject","inLanguage":"en-US","@id":"https:\/\/www.idf-evenements.com\/en\/sitemap\/#primaryimage","url":"https:\/\/www.idf-evenements.com\/wp-content\/uploads\/2023\/01\/idf_evenements-pavillon_cambon_capucines-1920.jpg","contentUrl":"https:\/\/www.idf-evenements.com\/wp-content\/uploads\/2023\/01\/idf_evenements-pavillon_cambon_capucines-1920.jpg","width":1920,"height":1280},{"@type":"BreadcrumbList","@id":"https:\/\/www.idf-evenements.com\/en\/sitemap\/#breadcrumb","itemListElement":[{"@type":"ListItem","position":1,"name":"Accueil","item":"https:\/\/www.idf-evenements.com\/en\/"},{"@type":"ListItem","position":2,"name":"Sitemap"}]},{"@type":"WebSite","@id":"https:\/\/www.idf-evenements.com\/en\/#website","url":"https:\/\/www.idf-evenements.com\/en\/","name":"IDF \u00e9v\u00e9nements","description":"Agence \u00e9v\u00e9nementielle haut de gamme \u00e0 Paris","publisher":{"@id":"https:\/\/www.idf-evenements.com\/en\/#organization"},"potentialAction":[{"@type":"SearchAction","target":{"@type":"EntryPoint","urlTemplate":"https:\/\/www.idf-evenements.com\/en\/?s={search_term_string}"},"query-input":{"@type":"PropertyValueSpecification","valueRequired":true,"valueName":"search_term_string"}}],"inLanguage":"en-US"},{"@type":"Organization","@id":"https:\/\/www.idf-evenements.com\/en\/#organization","name":"IDF \u00e9v\u00e9nements","url":"https:\/\/www.idf-evenements.com\/en\/","logo":{"@type":"ImageObject","inLanguage":"en-US","@id":"https:\/\/www.idf-evenements.com\/en\/#\/schema\/logo\/image\/","url":"https:\/\/www.idf-evenements.com\/wp-content\/uploads\/2022\/12\/idf_evenements-logo-240.png","contentUrl":"https:\/\/www.idf-evenements.com\/wp-content\/uploads\/2022\/12\/idf_evenements-logo-240.png","width":240,"height":148,"caption":"IDF \u00e9v\u00e9nements"},"image":{"@id":"https:\/\/www.idf-evenements.com\/en\/#\/schema\/logo\/image\/"},"sameAs":["https:\/\/www.facebook.com\/IDFevenements\/","https:\/\/fr.linkedin.com\/company\/idf-evenements","https:\/\/www.instagram.com\/agenceidfevenements\/"]}]}},"_links":{"self":[{"href":"https:\/\/www.idf-evenements.com\/en\/wp-json\/wp\/v2\/pages\/21250379","targetHints":{"allow":["GET"]}}],"collection":[{"href":"https:\/\/www.idf-evenements.com\/en\/wp-json\/wp\/v2\/pages"}],"about":[{"href":"https:\/\/www.idf-evenements.com\/en\/wp-json\/wp\/v2\/types\/page"}],"author":[{"embeddable":true,"href":"https:\/\/www.idf-evenements.com\/en\/wp-json\/wp\/v2\/users\/2"}],"replies":[{"embeddable":true,"href":"https:\/\/www.idf-evenements.com\/en\/wp-json\/wp\/v2\/comments?post=21250379"}],"version-history":[{"count":1,"href":"https:\/\/www.idf-evenements.com\/en\/wp-json\/wp\/v2\/pages\/21250379\/revisions"}],"predecessor-version":[{"id":21250380,"href":"https:\/\/www.idf-evenements.com\/en\/wp-json\/wp\/v2\/pages\/21250379\/revisions\/21250380"}],"wp:featuredmedia":[{"embeddable":true,"href":"https:\/\/www.idf-evenements.com\/en\/wp-json\/wp\/v2\/media\/21245926"}],"wp:attachment":[{"href":"https:\/\/www.idf-evenements.com\/en\/wp-json\/wp\/v2\/media?parent=21250379"}],"wp:term":[{"taxonomy":"category","embeddable":true,"href":"https:\/\/www.idf-evenements.com\/en\/wp-json\/wp\/v2\/categories?post=21250379"},{"taxonomy":"post_tag","embeddable":true,"href":"https:\/\/www.idf-evenements.com\/en\/wp-json\/wp\/v2\/tags?post=21250379"},{"taxonomy":"dipi_cpt_category","embeddable":true,"href":"https:\/\/www.idf-evenements.com\/en\/wp-json\/wp\/v2\/dipi_cpt_category?post=21250379"},{"taxonomy":"gabarit","embeddable":true,"href":"https:\/\/www.idf-evenements.com\/en\/wp-json\/wp\/v2\/gabarit?post=21250379"},{"taxonomy":"localisation","embeddable":true,"href":"https:\/\/www.idf-evenements.com\/en\/wp-json\/wp\/v2\/localisation?post=21250379"}],"curies":[{"name":"wp","href":"https:\/\/api.w.org\/{rel}","templated":true}]}}