{"id":21250390,"date":"2025-12-03T16:42:43","date_gmt":"2025-12-03T15:42:43","guid":{"rendered":"https:\/\/www.idf-evenements.com\/?page_id=21250390"},"modified":"2025-12-03T16:42:43","modified_gmt":"2025-12-03T15:42:43","slug":"exclusive-venue-rental","status":"publish","type":"page","link":"https:\/\/www.idf-evenements.com\/en\/exclusive-venue-rental\/","title":{"rendered":"Exclusive Venue Rental in Paris"},"content":{"rendered":"","protected":false},"excerpt":{"rendered":"","protected":false},"author":2,"featured_media":21250081,"parent":0,"menu_order":0,"comment_status":"closed","ping_status":"closed","template":"","meta":{"_acf_changed":false,"_et_pb_use_builder":"","_et_pb_old_content":"","_et_gb_content_width":"","footnotes":""},"categories":[],"tags":[55],"dipi_cpt_category":[],"gabarit":[],"localisation":[],"class_list":["post-21250390","page","type-page","status-publish","has-post-thumbnail","hentry","tag-landing-en"],"acf":[],"yoast_head":"<!-- This site is optimized with the Yoast SEO plugin v27.4 - https:\/\/yoast.com\/product\/yoast-seo-wordpress\/ -->\n<title>Exclusive Venue Rental in Paris - Premium Corporate Event Spaces<\/title>\n<meta name=\"description\" content=\"Exclusive venue rental in Paris for high-end corporate events. Rooftops, panoramic terraces and confidential spaces for VIP receptions, gala dinners and executive gatherings. Contact our agency.\" \/>\n<meta name=\"robots\" content=\"index, follow, max-snippet:-1, max-image-preview:large, max-video-preview:-1\" \/>\n<link rel=\"canonical\" href=\"https:\/\/www.idf-evenements.com\/en\/exclusive-venue-rental\/\" \/>\n<meta property=\"og:locale\" content=\"en_US\" \/>\n<meta property=\"og:type\" content=\"article\" \/>\n<meta property=\"og:title\" content=\"Exclusive Venue Rental in Paris - Premium Corporate Event Spaces\" \/>\n<meta property=\"og:description\" content=\"Exclusive venue rental in Paris for high-end corporate events. Rooftops, panoramic terraces and confidential spaces for VIP receptions, gala dinners and executive gatherings. Contact our agency.\" \/>\n<meta property=\"og:url\" content=\"https:\/\/www.idf-evenements.com\/en\/exclusive-venue-rental\/\" \/>\n<meta property=\"og:site_name\" content=\"IDF \u00e9v\u00e9nements\" \/>\n<meta property=\"article:publisher\" content=\"https:\/\/www.facebook.com\/IDFevenements\/\" \/>\n<meta property=\"og:image\" content=\"https:\/\/www.idf-evenements.com\/wp-content\/uploads\/2025\/10\/reference-cocktail-entreprise-pai-partners-musee-bourdelle-065.png\" \/>\n\t<meta property=\"og:image:width\" content=\"1259\" \/>\n\t<meta property=\"og:image:height\" content=\"840\" \/>\n\t<meta property=\"og:image:type\" content=\"image\/png\" \/>\n<meta name=\"twitter:card\" content=\"summary_large_image\" \/>\n<meta name=\"twitter:label1\" content=\"Est. reading time\" \/>\n\t<meta name=\"twitter:data1\" content=\"4 minutes\" \/>\n<script type=\"application\/ld+json\" class=\"yoast-schema-graph\">{\"@context\":\"https:\\\/\\\/schema.org\",\"@graph\":[{\"@type\":\"WebPage\",\"@id\":\"https:\\\/\\\/www.idf-evenements.com\\\/en\\\/exclusive-venue-rental\\\/\",\"url\":\"https:\\\/\\\/www.idf-evenements.com\\\/en\\\/exclusive-venue-rental\\\/\",\"name\":\"Exclusive Venue Rental in Paris - Premium Corporate Event Spaces\",\"isPartOf\":{\"@id\":\"https:\\\/\\\/www.idf-evenements.com\\\/en\\\/#website\"},\"primaryImageOfPage\":{\"@id\":\"https:\\\/\\\/www.idf-evenements.com\\\/en\\\/exclusive-venue-rental\\\/#primaryimage\"},\"image\":{\"@id\":\"https:\\\/\\\/www.idf-evenements.com\\\/en\\\/exclusive-venue-rental\\\/#primaryimage\"},\"thumbnailUrl\":\"https:\\\/\\\/www.idf-evenements.com\\\/wp-content\\\/uploads\\\/2025\\\/10\\\/reference-cocktail-entreprise-pai-partners-musee-bourdelle-065.png\",\"datePublished\":\"2025-12-03T15:42:43+00:00\",\"description\":\"Exclusive venue rental in Paris for high-end corporate events. Rooftops, panoramic terraces and confidential spaces for VIP receptions, gala dinners and executive gatherings. Contact our agency.\",\"breadcrumb\":{\"@id\":\"https:\\\/\\\/www.idf-evenements.com\\\/en\\\/exclusive-venue-rental\\\/#breadcrumb\"},\"inLanguage\":\"en-US\",\"potentialAction\":[{\"@type\":\"ReadAction\",\"target\":[\"https:\\\/\\\/www.idf-evenements.com\\\/en\\\/exclusive-venue-rental\\\/\"]}]},{\"@type\":\"ImageObject\",\"inLanguage\":\"en-US\",\"@id\":\"https:\\\/\\\/www.idf-evenements.com\\\/en\\\/exclusive-venue-rental\\\/#primaryimage\",\"url\":\"https:\\\/\\\/www.idf-evenements.com\\\/wp-content\\\/uploads\\\/2025\\\/10\\\/reference-cocktail-entreprise-pai-partners-musee-bourdelle-065.png\",\"contentUrl\":\"https:\\\/\\\/www.idf-evenements.com\\\/wp-content\\\/uploads\\\/2025\\\/10\\\/reference-cocktail-entreprise-pai-partners-musee-bourdelle-065.png\",\"width\":1259,\"height\":840,\"caption\":\"Exclusive Venue Rental in Paris\"},{\"@type\":\"BreadcrumbList\",\"@id\":\"https:\\\/\\\/www.idf-evenements.com\\\/en\\\/exclusive-venue-rental\\\/#breadcrumb\",\"itemListElement\":[{\"@type\":\"ListItem\",\"position\":1,\"name\":\"Accueil\",\"item\":\"https:\\\/\\\/www.idf-evenements.com\\\/en\\\/\"},{\"@type\":\"ListItem\",\"position\":2,\"name\":\"Exclusive Venue Rental in Paris\"}]},{\"@type\":\"WebSite\",\"@id\":\"https:\\\/\\\/www.idf-evenements.com\\\/en\\\/#website\",\"url\":\"https:\\\/\\\/www.idf-evenements.com\\\/en\\\/\",\"name\":\"IDF \u00e9v\u00e9nements\",\"description\":\"Agence \u00e9v\u00e9nementielle haut de gamme \u00e0 Paris\",\"publisher\":{\"@id\":\"https:\\\/\\\/www.idf-evenements.com\\\/en\\\/#organization\"},\"potentialAction\":[{\"@type\":\"SearchAction\",\"target\":{\"@type\":\"EntryPoint\",\"urlTemplate\":\"https:\\\/\\\/www.idf-evenements.com\\\/en\\\/?s={search_term_string}\"},\"query-input\":{\"@type\":\"PropertyValueSpecification\",\"valueRequired\":true,\"valueName\":\"search_term_string\"}}],\"inLanguage\":\"en-US\"},{\"@type\":\"Organization\",\"@id\":\"https:\\\/\\\/www.idf-evenements.com\\\/en\\\/#organization\",\"name\":\"IDF \u00e9v\u00e9nements\",\"url\":\"https:\\\/\\\/www.idf-evenements.com\\\/en\\\/\",\"logo\":{\"@type\":\"ImageObject\",\"inLanguage\":\"en-US\",\"@id\":\"https:\\\/\\\/www.idf-evenements.com\\\/en\\\/#\\\/schema\\\/logo\\\/image\\\/\",\"url\":\"https:\\\/\\\/www.idf-evenements.com\\\/wp-content\\\/uploads\\\/2022\\\/12\\\/idf_evenements-logo-240.png\",\"contentUrl\":\"https:\\\/\\\/www.idf-evenements.com\\\/wp-content\\\/uploads\\\/2022\\\/12\\\/idf_evenements-logo-240.png\",\"width\":240,\"height\":148,\"caption\":\"IDF \u00e9v\u00e9nements\"},\"image\":{\"@id\":\"https:\\\/\\\/www.idf-evenements.com\\\/en\\\/#\\\/schema\\\/logo\\\/image\\\/\"},\"sameAs\":[\"https:\\\/\\\/www.facebook.com\\\/IDFevenements\\\/\",\"https:\\\/\\\/fr.linkedin.com\\\/company\\\/idf-evenements\",\"https:\\\/\\\/www.instagram.com\\\/agenceidfevenements\\\/\"]}]}<\/script>\n<!-- \/ Yoast SEO plugin. -->","yoast_head_json":{"title":"Exclusive Venue Rental in Paris - Premium Corporate Event Spaces","description":"Exclusive venue rental in Paris for high-end corporate events. Rooftops, panoramic terraces and confidential spaces for VIP receptions, gala dinners and executive gatherings. Contact our agency.","robots":{"index":"index","follow":"follow","max-snippet":"max-snippet:-1","max-image-preview":"max-image-preview:large","max-video-preview":"max-video-preview:-1"},"canonical":"https:\/\/www.idf-evenements.com\/en\/exclusive-venue-rental\/","og_locale":"en_US","og_type":"article","og_title":"Exclusive Venue Rental in Paris - Premium Corporate Event Spaces","og_description":"Exclusive venue rental in Paris for high-end corporate events. Rooftops, panoramic terraces and confidential spaces for VIP receptions, gala dinners and executive gatherings. Contact our agency.","og_url":"https:\/\/www.idf-evenements.com\/en\/exclusive-venue-rental\/","og_site_name":"IDF \u00e9v\u00e9nements","article_publisher":"https:\/\/www.facebook.com\/IDFevenements\/","og_image":[{"width":1259,"height":840,"url":"https:\/\/www.idf-evenements.com\/wp-content\/uploads\/2025\/10\/reference-cocktail-entreprise-pai-partners-musee-bourdelle-065.png","type":"image\/png"}],"twitter_card":"summary_large_image","twitter_misc":{"Est. reading time":"4 minutes"},"schema":{"@context":"https:\/\/schema.org","@graph":[{"@type":"WebPage","@id":"https:\/\/www.idf-evenements.com\/en\/exclusive-venue-rental\/","url":"https:\/\/www.idf-evenements.com\/en\/exclusive-venue-rental\/","name":"Exclusive Venue Rental in Paris - Premium Corporate Event Spaces","isPartOf":{"@id":"https:\/\/www.idf-evenements.com\/en\/#website"},"primaryImageOfPage":{"@id":"https:\/\/www.idf-evenements.com\/en\/exclusive-venue-rental\/#primaryimage"},"image":{"@id":"https:\/\/www.idf-evenements.com\/en\/exclusive-venue-rental\/#primaryimage"},"thumbnailUrl":"https:\/\/www.idf-evenements.com\/wp-content\/uploads\/2025\/10\/reference-cocktail-entreprise-pai-partners-musee-bourdelle-065.png","datePublished":"2025-12-03T15:42:43+00:00","description":"Exclusive venue rental in Paris for high-end corporate events. Rooftops, panoramic terraces and confidential spaces for VIP receptions, gala dinners and executive gatherings. Contact our agency.","breadcrumb":{"@id":"https:\/\/www.idf-evenements.com\/en\/exclusive-venue-rental\/#breadcrumb"},"inLanguage":"en-US","potentialAction":[{"@type":"ReadAction","target":["https:\/\/www.idf-evenements.com\/en\/exclusive-venue-rental\/"]}]},{"@type":"ImageObject","inLanguage":"en-US","@id":"https:\/\/www.idf-evenements.com\/en\/exclusive-venue-rental\/#primaryimage","url":"https:\/\/www.idf-evenements.com\/wp-content\/uploads\/2025\/10\/reference-cocktail-entreprise-pai-partners-musee-bourdelle-065.png","contentUrl":"https:\/\/www.idf-evenements.com\/wp-content\/uploads\/2025\/10\/reference-cocktail-entreprise-pai-partners-musee-bourdelle-065.png","width":1259,"height":840,"caption":"Exclusive Venue Rental in Paris"},{"@type":"BreadcrumbList","@id":"https:\/\/www.idf-evenements.com\/en\/exclusive-venue-rental\/#breadcrumb","itemListElement":[{"@type":"ListItem","position":1,"name":"Accueil","item":"https:\/\/www.idf-evenements.com\/en\/"},{"@type":"ListItem","position":2,"name":"Exclusive Venue Rental in Paris"}]},{"@type":"WebSite","@id":"https:\/\/www.idf-evenements.com\/en\/#website","url":"https:\/\/www.idf-evenements.com\/en\/","name":"IDF \u00e9v\u00e9nements","description":"Agence \u00e9v\u00e9nementielle haut de gamme \u00e0 Paris","publisher":{"@id":"https:\/\/www.idf-evenements.com\/en\/#organization"},"potentialAction":[{"@type":"SearchAction","target":{"@type":"EntryPoint","urlTemplate":"https:\/\/www.idf-evenements.com\/en\/?s={search_term_string}"},"query-input":{"@type":"PropertyValueSpecification","valueRequired":true,"valueName":"search_term_string"}}],"inLanguage":"en-US"},{"@type":"Organization","@id":"https:\/\/www.idf-evenements.com\/en\/#organization","name":"IDF \u00e9v\u00e9nements","url":"https:\/\/www.idf-evenements.com\/en\/","logo":{"@type":"ImageObject","inLanguage":"en-US","@id":"https:\/\/www.idf-evenements.com\/en\/#\/schema\/logo\/image\/","url":"https:\/\/www.idf-evenements.com\/wp-content\/uploads\/2022\/12\/idf_evenements-logo-240.png","contentUrl":"https:\/\/www.idf-evenements.com\/wp-content\/uploads\/2022\/12\/idf_evenements-logo-240.png","width":240,"height":148,"caption":"IDF \u00e9v\u00e9nements"},"image":{"@id":"https:\/\/www.idf-evenements.com\/en\/#\/schema\/logo\/image\/"},"sameAs":["https:\/\/www.facebook.com\/IDFevenements\/","https:\/\/fr.linkedin.com\/company\/idf-evenements","https:\/\/www.instagram.com\/agenceidfevenements\/"]}]}},"_links":{"self":[{"href":"https:\/\/www.idf-evenements.com\/en\/wp-json\/wp\/v2\/pages\/21250390","targetHints":{"allow":["GET"]}}],"collection":[{"href":"https:\/\/www.idf-evenements.com\/en\/wp-json\/wp\/v2\/pages"}],"about":[{"href":"https:\/\/www.idf-evenements.com\/en\/wp-json\/wp\/v2\/types\/page"}],"author":[{"embeddable":true,"href":"https:\/\/www.idf-evenements.com\/en\/wp-json\/wp\/v2\/users\/2"}],"replies":[{"embeddable":true,"href":"https:\/\/www.idf-evenements.com\/en\/wp-json\/wp\/v2\/comments?post=21250390"}],"version-history":[{"count":2,"href":"https:\/\/www.idf-evenements.com\/en\/wp-json\/wp\/v2\/pages\/21250390\/revisions"}],"predecessor-version":[{"id":21250393,"href":"https:\/\/www.idf-evenements.com\/en\/wp-json\/wp\/v2\/pages\/21250390\/revisions\/21250393"}],"wp:featuredmedia":[{"embeddable":true,"href":"https:\/\/www.idf-evenements.com\/en\/wp-json\/wp\/v2\/media\/21250081"}],"wp:attachment":[{"href":"https:\/\/www.idf-evenements.com\/en\/wp-json\/wp\/v2\/media?parent=21250390"}],"wp:term":[{"taxonomy":"category","embeddable":true,"href":"https:\/\/www.idf-evenements.com\/en\/wp-json\/wp\/v2\/categories?post=21250390"},{"taxonomy":"post_tag","embeddable":true,"href":"https:\/\/www.idf-evenements.com\/en\/wp-json\/wp\/v2\/tags?post=21250390"},{"taxonomy":"dipi_cpt_category","embeddable":true,"href":"https:\/\/www.idf-evenements.com\/en\/wp-json\/wp\/v2\/dipi_cpt_category?post=21250390"},{"taxonomy":"gabarit","embeddable":true,"href":"https:\/\/www.idf-evenements.com\/en\/wp-json\/wp\/v2\/gabarit?post=21250390"},{"taxonomy":"localisation","embeddable":true,"href":"https:\/\/www.idf-evenements.com\/en\/wp-json\/wp\/v2\/localisation?post=21250390"}],"curies":[{"name":"wp","href":"https:\/\/api.w.org\/{rel}","templated":true}]}}